{"id":3,"date":"2022-10-14T23:35:29","date_gmt":"2022-10-14T23:35:29","guid":{"rendered":"https:\/\/violinexperience.de\/?page_id=3"},"modified":"2023-05-26T17:55:59","modified_gmt":"2023-05-26T15:55:59","slug":"privacy-policy","status":"publish","type":"page","link":"https:\/\/violinexperience.de\/index.php\/privacy-policy\/","title":{"rendered":"Datenschutzerkl\u00e4rung"},"content":{"rendered":"<section  class='av_textblock_section av-l9mswibe-b1f8eebe550e23d2603c52632324875b'  itemscope=\"itemscope\" itemtype=\"https:\/\/schema.org\/CreativeWork\" ><div class='avia_textblock'  itemprop=\"text\" ><p>Wir, Violin Experience, freuen uns \u00fcber Ihren Besuch auf unserer Website. Ihre Privatsph\u00e4re ist f\u00fcr uns ein wichtiges Anliegen. Wir nehmen den Schutz Ihrer personenbezogenen Daten und deren vertrauliche Behandlung sehr ernst. Die Verarbeitung Ihrer personenbezogenen Daten erfolgt ausschlie\u00dflich im Rahmen der gesetzlichen Bestimmungen des Datenschutzrechts der Europ\u00e4ischen Union, insbesondere der Datenschutz-Grundverordnung (nachfolgend \u201eDSGVO\u201c) und des Telemediengesetzes nachfolgend \u201eTMG\u201c). Mit dieser Datenschutzerkl\u00e4rung informieren wir Sie \u00fcber die Verarbeitung Ihrer personenbezogenen Daten und \u00fcber Ihre Datenschutzrechte im Rahmen der Nutzung der Website.<\/p>\n<p><b>1. F\u00fcr die Datenverarbeitung Verantwortlicher und Datenschutzbeauftragter; Kontakt<\/b><\/p>\n<p>Verantwortliche f\u00fcr die Datenverarbeitung im Sinne der Datenschutzgesetze ist:<\/p>\n<p>Violin Experience<br \/>\nvertreten durch:<\/p>\n<p>Klaus Marquardt<\/p>\n<p>Glash\u00fcttenweg 5<br \/>\n71566 Alth\u00fctte<br \/>\nGermany<\/p>\n<p>+49 7181 9698113<br \/>\nE-Mail <a href=\"mailto:violinxperience@online.de\" target=\"_blank\" rel=\"noopener\">violinxperience@online.de<\/a><\/p>\n<p>Sollten Sie Fragen oder Anregungen zum Datenschutz haben, k\u00f6nnen Sie sich gerne an uns wenden.<\/p>\n<p><b>2. Gegenstand des Datenschutzes<\/b><\/p>\n<p>Gegenstand des Datenschutzes sind personenbezogene Daten. Dies sind alle Informationen, die sich auf eine identifizierte oder identifizierbare nat\u00fcrliche Person (sog. betroffene Person) beziehen. Hierunter fallen z.B. Angaben wie Name, Post-Adresse, E-Mail-Adresse oder Telefonnummer, aber auch Informationen, die w\u00e4hrend der Nutzung der Website notwendigerweise entstehen, wie zum Beispiel Angaben \u00fcber Beginn, Ende und Umfang der Nutzung sowie die \u00dcbermittlung Ihrer IP-Adresse.<\/p>\n<p><b>3. Art, Umfang, Zwecke und Rechtsgrundlagen der automatisierten Datenverarbeitung<\/b><\/p>\n<p>Die Nutzung der Website ist generell ohne Anmeldung m\u00f6glich. Auch wenn Sie die Website ohne Anmeldung nutzen, k\u00f6nnen personenbezogene Daten verarbeitet werden.<\/p>\n<p>Nachfolgend erhalten Sie einen \u00dcberblick \u00fcber Art, Umfang, Zwecke und Rechtsgrundlagen der Datenverarbeitung der Website .<\/p>\n<p><b>3.1 Bereitstellung der Website<\/b><\/p>\n<p>Beim Zugriff auf die Website durch Ihr Endger\u00e4t werden von uns automatisiert folgende Daten verarbeitet:<\/p>\n<p>Datum und Uhrzeit des Zugriffs<br \/>\nDauer des Besuchs<br \/>\nArt des Endger\u00e4ts<br \/>\nverwendetes Betriebssystem<br \/>\ndie Funktionen, die Sie nutzen<br \/>\nArt des Ereignisses<br \/>\nIP \u2013 Adresse<br \/>\nReferrer-URL<br \/>\nDomain Name<\/p>\n<p>Diese Daten verarbeiten wir auf Basis des Artikels 6 Absatz 1 Buchstabe f) DSGVO zur Bereitstellung des Dienstes, zur Sicherstellung des technischen Betriebs sowie zum Zwecke der Ermittlung und Beseitigung von St\u00f6rungen. Wir verfolgen dabei das Interesse, die Inanspruchnahme der Website und dessen technische Funktionsf\u00e4higkeit zu erm\u00f6glichen und dauerhaft sicherzustellen. Bei Aufruf der Website werden diese Daten automatisch verarbeitet. Ohne diese Bereitstellung k\u00f6nnen Sie unsere Dienste nicht nutzen. Wir verwenden diese Daten nicht zu dem Zweck, R\u00fcckschl\u00fcsse auf Ihre Person bzw. Ihre Identit\u00e4t zu ziehen.<\/p>\n<p>Wir l\u00f6schen diese Daten in der Regel nach 90 Tagen, es sei denn, dass wir sie f\u00fcr die oben genannten Zwecke ausnahmsweise l\u00e4nger ben\u00f6tigen. In einem solchen Fall l\u00f6schen wir die Daten unverz\u00fcglich nach Zweckentfall.<\/p>\n<p>Eine weitere Nutzung insbesondere durch Dritte ist ausgeschlossen.<\/p>\n<p><b>3.2 Cookies<\/b><\/p>\n<p>Was sind Cookies?<\/p>\n<p>Um Ihnen einen umfangreichen Funktionsumfang zu bieten, die Nutzung komfortabler zu gestalten und um unsere Angebote optimieren zu k\u00f6nnen, verwenden wir sogenannte \u201eCookies\u201c. Cookies sind kleine Dateien, die mit Hilfe Ihres Internetbrowsers auf Ihrem Endger\u00e4t gespeichert werden.<\/p>\n<p><b>Kategorien von Cookies<\/b><\/p>\n<p>Technische Erforderlichkeit<\/p>\n<p>Technisch zwingend erforderliche Cookies: Wir verwenden bestimmte Cookies, weil sie zwingend erforderlich sind, damit die Website und dessen Funktionen ordnungsgem\u00e4\u00df arbeiten k\u00f6nnen. Diese Cookies werden automatisch bei Aufruf der Webseite oder einer bestimmten Funktion gesetzt, es sei denn, Sie haben das Setzen von Cookies durch Einstellungen in Ihrem Browser verhindert.<\/p>\n<p>Technisch nicht zwingend erforderliche Cookies: Wir setzen keine technisch nicht zwingend erforderlichen Cookies ein.<\/p>\n<p>Speicherdauer<\/p>\n<p>Session-Cookies: Die Cookies werden lediglich f\u00fcr die Dauer Ihres aktuellen Dienste-Aufrufs oder Ihrer Sitzung (Session) ben\u00f6tigt und wieder gel\u00f6scht bzw. verlieren ihre G\u00fcltigkeit, sobald Sie die Webseite verlassen oder Ihre aktuelle Sitzung abl\u00e4uft (sogenannte \u201eSession Cookies\u201c). Session Cookies werden beispielsweise verwendet, um w\u00e4hrend Ihrer Sitzung bestimmte Informationen wie etwa Ihre Anmeldung f\u00fcr die Webseite beizubehalten.<\/p>\n<p><b>4. Empf\u00e4nger personenbezogener Daten<\/b><\/p>\n<p>Interne Empf\u00e4nger: Innerhalb <strong>Violin Experience <\/strong>haben nur diejenigen Personen Zugriff, die dies f\u00fcr die oben unter Ziffer 3.. genannten Zwecke ben\u00f6tigen.<\/p>\n<p>Externe Empf\u00e4nger: Wir geben Ihre personenbezogenen Daten nur dann an externe Empf\u00e4nger au\u00dferhalb Violin Experience weiter, wenn dies zur Abwicklung oder Bearbeitung Ihres Anliegens erforderlich ist, eine andere gesetzliche Erlaubnis besteht oder uns hierf\u00fcr Ihre Einwilligung vorliegt.<\/p>\n<p>Externe Empf\u00e4nger k\u00f6nnen sein:<\/p>\n<p>a) Auftragsverarbeiter<\/p>\n<p>Externe Dienstleister, die wir f\u00fcr die Erbringung von Services einsetzen, beispielsweise in den Bereichen der technischen Infrastruktur und Wartung f\u00fcr das Angebot von Violin Experience.<\/p>\n<p>Ein Vertrag nach Art. 28 Abs. 3 EU-DSGVO zur Auftragsdatenverarbeitung mit dem Dienstleister liegt Violin Experience vor.<\/p>\n<p>b) \u00f6ffentliche Stellen<\/p>\n<p>Beh\u00f6rden und staatliche Institutionen, wie z.B. Staatsanwaltschaften, Gerichte oder Finanzbeh\u00f6rden, an die wir aus gesetzlich zwingenden Gr\u00fcnden personenbezogene Daten \u00fcbermitteln m\u00fcssen. Die \u00dcbermittlung erfolgt dann auf Basis des Artikels 6 Absatz 1 Buchstabe c) DSGVO.<\/p>\n<p><b>5. Datenverarbeitung in Drittl\u00e4ndern<\/b><\/p>\n<p>Es findet keine Daten\u00fcbermittlung an Drittl\u00e4nder statt.<\/p>\n<p><b>6. Speicherdauer<\/b><\/p>\n<p>Die Speicherdauer personenbezogener Daten entnehmen Sie bitte dem jeweiligen Kapitel zur Datenverarbeitung bezogen auf bestimmte Dienste und Funktionen oben unter Ziffer 3. Zus\u00e4tzlich gilt generell: wir speichern Ihre personenbezogenen Daten nur solange, wie dies f\u00fcr die Erf\u00fcllung der Zwecke erforderlich ist oder \u2013 im Falle einer Einwilligung \u2013 solange Sie die Einwilligung nicht widerrufen haben. Im Falle eines Widerspruchs l\u00f6schen wir Ihre personenbezogenen Daten, es sei denn, ihre Weiterverarbeitung ist nach den einschl\u00e4gigen gesetzlichen Bestimmungen erlaubt.<\/p>\n<p><b>7. Rechte der Betroffenen<\/b><\/p>\n<p>Auf Anforderung teilen wir Ihnen schriftlich mit, ob und welche pers\u00f6nlichen Daten \u00fcber Sie bei uns gespeichert sind. Sollten trotz unserer Bem\u00fchungen um Datenrichtigkeit und Aktualit\u00e4t falsche Informationen gespeichert sein, werden wir diese auf Ihre Aufforderung hin berichtigen. Sie k\u00f6nnen Ihre Einwilligung zur Speicherung Ihrer pers\u00f6nlichen Daten jederzeit durch eine kurze Nachricht f\u00fcr die Zukunft widerrufen.<\/p>\n<p>Dar\u00fcber hinaus k\u00f6nnen Sie sich bei Fragen bez\u00fcglich der Verarbeitung Ihrer pers\u00f6nlichen Daten, Anregungen oder Beschwerden an Violin Experience wenden.<\/p>\n<p><b>8. Stand<\/b><\/p>\n<p>Es gilt die aktuellste Version dieser Datenschutzerkl\u00e4rung. Stand 14.10.2022<\/p>\n<\/div><\/section>\n","protected":false},"excerpt":{"rendered":"","protected":false},"author":1,"featured_media":0,"parent":0,"menu_order":0,"comment_status":"closed","ping_status":"open","template":"","meta":{"footnotes":""},"class_list":["post-3","page","type-page","status-publish","hentry"],"_links":{"self":[{"href":"https:\/\/violinexperience.de\/index.php\/wp-json\/wp\/v2\/pages\/3","targetHints":{"allow":["GET"]}}],"collection":[{"href":"https:\/\/violinexperience.de\/index.php\/wp-json\/wp\/v2\/pages"}],"about":[{"href":"https:\/\/violinexperience.de\/index.php\/wp-json\/wp\/v2\/types\/page"}],"author":[{"embeddable":true,"href":"https:\/\/violinexperience.de\/index.php\/wp-json\/wp\/v2\/users\/1"}],"replies":[{"embeddable":true,"href":"https:\/\/violinexperience.de\/index.php\/wp-json\/wp\/v2\/comments?post=3"}],"version-history":[{"count":4,"href":"https:\/\/violinexperience.de\/index.php\/wp-json\/wp\/v2\/pages\/3\/revisions"}],"predecessor-version":[{"id":757,"href":"https:\/\/violinexperience.de\/index.php\/wp-json\/wp\/v2\/pages\/3\/revisions\/757"}],"wp:attachment":[{"href":"https:\/\/violinexperience.de\/index.php\/wp-json\/wp\/v2\/media?parent=3"}],"curies":[{"name":"wp","href":"https:\/\/api.w.org\/{rel}","templated":true}]}}