{"id":528,"date":"2022-10-24T15:22:32","date_gmt":"2022-10-24T13:22:32","guid":{"rendered":"https:\/\/violinexperience.de\/?page_id=528"},"modified":"2023-05-26T17:59:12","modified_gmt":"2023-05-26T15:59:12","slug":"impressum-und-rechtliche-hinweise","status":"publish","type":"page","link":"https:\/\/violinexperience.de\/index.php\/impressum-und-rechtliche-hinweise\/","title":{"rendered":"Impressum und Rechtliche Hinweise"},"content":{"rendered":"<section  class='av_textblock_section av-l9mt3jv7-e55690854d0e57e547ad2777d2cdaa46'  itemscope=\"itemscope\" itemtype=\"https:\/\/schema.org\/CreativeWork\" ><div class='avia_textblock'  itemprop=\"text\" ><h3 class=\"ps-subheader\">Rechtshinweis:<\/h3>\n<p>Diese Website ist ein privat publiziertes Angebot von<\/p>\n<p>Violin Experience<\/p>\n<p>vertreten durch<\/p>\n<p>Klaus Marquardt<\/p>\n<p>Glash\u00fcttenweg 5<br \/>\n71566 Alth\u00fctte<br \/>\nGermany<br \/>\n+49 174 3108911<\/p>\n<p>Verantwortlicher im Sinne von \u00a7 10 MDStV:<br \/>\nViolin Experience<\/p>\n<p>Sie erreichen uns:<\/p>\n<p>E-Mail <a href=\"mailto:violinxperience@online.de\" target=\"_blank\" rel=\"noopener\">violinxperience@online.de<\/a><\/p>\n<h3 class=\"ps-subheader\">Copyright Hinweise<\/h3>\n<p>Alle Texte, Bilder, Audio-Dateien und weitere hier ver\u00f6ffentlichte Informationen, mit Ausnahme der gekennzeichneten Artikel, unterliegen dem Copyright von Tiny Wings. Eine Reproduktion oder Wiedergabe des Ganzen oder von Teilen ist ohne die schriftliche Genehmigung von Tiny Wings nicht gestattet.<\/p>\n<h3 class=\"ps-subheader\">Urheberrechte und sonstige Schutzrechte<\/h3>\n<p>S\u00e4mtliche audiovisuellen Inhalte, u. a. Texte, Fotografien, Grafiken, Ton-, Video-, und Animationsdateien, unterliegen dem Urheberrecht und anderen Rechten zum Schutz des geistigen Eigentums.<\/p>\n<h3 class=\"ps-subheader\">Verlinkungen<\/h3>\n<p>Diese Webseite enth\u00e4lt Verlinkungen zu Webseiten Dritter. F\u00fcr die Inhalte der Webseiten Dritter \u00fcbernimmt Violin Experience keine Haftung.<\/p>\n<h3 class=\"ps-subheader\">Copyright Hinweise<\/h3>\n<p>Alle Texte, Bilder, Audio-Dateien und weitere hier ver\u00f6ffentlichte Informationen, mit Ausnahme der gekennzeichneten Artikel, unterliegen dem Copyright von Violin Experience. Eine Reproduktion oder Wiedergabe des Ganzen oder von Teilen ist ohne die schriftliche Genehmigung von Violin Experience nicht gestattet.<\/p>\n<h3 class=\"ps-subheader\">Urheberrechte und sonstige Schutzrechte<\/h3>\n<p>S\u00e4mtliche audiovisuellen Inhalte, u. a. Texte, Fotografien, Grafiken, Ton-, Video-, und Animationsdateien, unterliegen dem Urheberrecht und anderen Rechten zum Schutz des geistigen Eigentums.<\/p>\n<h3 class=\"ps-subheader\">Verlinkungen<\/h3>\n<p>Diese Webseite enth\u00e4lt Verlinkungen zu Webseiten Dritter. F\u00fcr die Inhalte der Webseiten Dritter \u00fcbernimmt Violin Experience keine Haftung.<\/p>\n<\/div><\/section>\n","protected":false},"excerpt":{"rendered":"","protected":false},"author":1,"featured_media":0,"parent":0,"menu_order":0,"comment_status":"closed","ping_status":"closed","template":"","meta":{"footnotes":""},"class_list":["post-528","page","type-page","status-publish","hentry"],"_links":{"self":[{"href":"https:\/\/violinexperience.de\/index.php\/wp-json\/wp\/v2\/pages\/528","targetHints":{"allow":["GET"]}}],"collection":[{"href":"https:\/\/violinexperience.de\/index.php\/wp-json\/wp\/v2\/pages"}],"about":[{"href":"https:\/\/violinexperience.de\/index.php\/wp-json\/wp\/v2\/types\/page"}],"author":[{"embeddable":true,"href":"https:\/\/violinexperience.de\/index.php\/wp-json\/wp\/v2\/users\/1"}],"replies":[{"embeddable":true,"href":"https:\/\/violinexperience.de\/index.php\/wp-json\/wp\/v2\/comments?post=528"}],"version-history":[{"count":2,"href":"https:\/\/violinexperience.de\/index.php\/wp-json\/wp\/v2\/pages\/528\/revisions"}],"predecessor-version":[{"id":756,"href":"https:\/\/violinexperience.de\/index.php\/wp-json\/wp\/v2\/pages\/528\/revisions\/756"}],"wp:attachment":[{"href":"https:\/\/violinexperience.de\/index.php\/wp-json\/wp\/v2\/media?parent=528"}],"curies":[{"name":"wp","href":"https:\/\/api.w.org\/{rel}","templated":true}]}}